{"id":13,"date":"2019-12-16T14:08:05","date_gmt":"2019-12-16T14:08:05","guid":{"rendered":"https:\/\/vokseniuddannelse.dk\/?page_id=13"},"modified":"2021-09-21T12:58:31","modified_gmt":"2021-09-21T10:58:31","slug":"forside-2","status":"publish","type":"page","link":"https:\/\/vokseniuddannelse.dk\/vertikalveu\/","title":{"rendered":"Forside"},"content":{"rendered":"<p>[et_pb_section fb_built=&#8221;1&#8243; admin_label=&#8221;Hero&#8221; _builder_version=&#8221;3.22&#8243; custom_padding=&#8221;0px|0px|0px|0px&#8221; animation_style=&#8221;zoom&#8221; animation_intensity_zoom=&#8221;4%&#8221; global_colors_info=&#8221;{}&#8221;][et_pb_row column_structure=&#8221;1_2,1_2&#8243; use_custom_gutter=&#8221;on&#8221; gutter_width=&#8221;1&#8243; make_equal=&#8221;on&#8221; module_class=&#8221; et_pb_row_fullwidth&#8221; _builder_version=&#8221;4.0.7&#8243; background_color=&#8221;rgba(202,228,227,0.97)&#8221; background_enable_image=&#8221;off&#8221; parallax=&#8221;on&#8221; width=&#8221;100%&#8221; width_tablet=&#8221;100%&#8221; width_phone=&#8221;&#8221; width_last_edited=&#8221;on|desktop&#8221; max_width=&#8221;100%&#8221; max_width_tablet=&#8221;100%&#8221; max_width_phone=&#8221;&#8221; max_width_last_edited=&#8221;on|desktop&#8221; min_height=&#8221;745px&#8221; custom_padding=&#8221;0px||0px|&#8221; animation_style=&#8221;slide&#8221; animation_direction=&#8221;top&#8221; animation_intensity_slide=&#8221;3%&#8221; link_option_url=&#8221;https:\/\/vokseniuddannelse.dk\/?page_id=109&#8243; make_fullwidth=&#8221;on&#8221; global_colors_info=&#8221;{}&#8221;][et_pb_column type=&#8221;1_2&#8243; _builder_version=&#8221;4.0.7&#8243; background_color=&#8221;rgba(202,228,227,0.97)&#8221; custom_padding=&#8221;10%|8%|10%|8%&#8221; global_colors_info=&#8221;{}&#8221; custom_padding__hover=&#8221;|||&#8221;][et_pb_text _builder_version=&#8221;4.0.7&#8243; text_font=&#8221;Montserrat|500||on|||||&#8221; text_text_color=&#8221;#244746&#8243; text_font_size=&#8221;10px&#8221; text_letter_spacing=&#8221;2px&#8221; text_line_height=&#8221;1em&#8221; background_size=&#8221;initial&#8221; background_position=&#8221;top_left&#8221; background_repeat=&#8221;repeat&#8221; width=&#8221;99.9%&#8221; min_height=&#8221;54px&#8221; custom_margin=&#8221;-29px|44px|40px|||&#8221; custom_padding=&#8221;||14px|||&#8221; animation_style=&#8221;slide&#8221; animation_direction=&#8221;bottom&#8221; locked=&#8221;off&#8221; global_colors_info=&#8221;{}&#8221;]<\/p>\n<p><span style=\"font-size: large\">Voksen i uddannelse<\/span><\/p>\n<p><span style=\"font-size: large\">&#8211; et bedst praksis projekt<\/span><\/p>\n<p>[\/et_pb_text][et_pb_text _builder_version=&#8221;4.0.7&#8243; text_font=&#8221;|800||on|||||&#8221; text_text_color=&#8221;#244746&#8243; text_font_size=&#8221;3px&#8221; text_line_height=&#8221;1.2em&#8221; header_font=&#8221;Montserrat|700||on|||||&#8221; header_text_color=&#8221;#f7f7f7&#8243; header_font_size=&#8221;60px&#8221; header_line_height=&#8221;1.3em&#8221; header_2_font=&#8221;|800|||||||&#8221; header_2_font_size=&#8221;37px&#8221; background_size=&#8221;initial&#8221; background_position=&#8221;top_left&#8221; background_repeat=&#8221;repeat&#8221; min_height=&#8221;89px&#8221; custom_margin=&#8221;-22px||40px|||&#8221; custom_padding=&#8221;0px|0px||1px||&#8221; animation_style=&#8221;fade&#8221; header_font_tablet=&#8221;&#8221; header_font_phone=&#8221;&#8221; header_font_last_edited=&#8221;on|phone&#8221; header_font_size_tablet=&#8221;&#8221; header_font_size_phone=&#8221;41px&#8221; header_font_size_last_edited=&#8221;on|phone&#8221; locked=&#8221;off&#8221; global_colors_info=&#8221;{}&#8221;]<\/p>\n<h2><span style=\"font-size: xx-large\"><strong><span style=\"color: #224444\">Fremtiden\u00a0<\/span><\/strong><\/span><span style=\"font-size: xx-large\"><strong><span style=\"color: #224444\">&#8211;\u00a0<\/span><span style=\"color: #244746\">Invest\u00e9r i uddannelse<\/span><\/strong><\/span><\/h2>\n<p>[\/et_pb_text][et_pb_text _builder_version=&#8221;4.0.7&#8243; text_font=&#8221;Montserrat||||&#8221; text_text_color=&#8221;#244746&#8243; text_line_height=&#8221;1.8em&#8221; header_font=&#8221;||||||||&#8221; header_text_color=&#8221;#244746&#8243; background_size=&#8221;initial&#8221; background_position=&#8221;top_left&#8221; background_repeat=&#8221;repeat&#8221; min_height=&#8221;198px&#8221; custom_margin=&#8221;-116px||50px|||&#8221; custom_padding=&#8221;91px||15px|||&#8221; animation_style=&#8221;slide&#8221; animation_direction=&#8221;top&#8221; animation_intensity_slide=&#8221;17%&#8221; link_option_url_new_window=&#8221;on&#8221; locked=&#8221;off&#8221; global_colors_info=&#8221;{}&#8221;]<\/p>\n<p><strong>Voksen i uddannelse<\/strong> er et fors\u00f8gs- og udviklingsprojekt, som har til form\u00e5l at udvikle bedst praksis til vejledning af medarbejdere og virksomheder om de mange muligheder for m\u00e5lrettet efter- og videreuddannelse.<\/p>\n<p>Som grundlag for vejledningen bruges den landsd\u00e6kkende hjemmeside for al kompetencegivende voksenuddannelse: <a href=\"http:\/\/www.voksenuddannelse.dk\" target=\"_blank\" rel=\"noopener noreferrer\">www.voksenuddannelse.dk<\/a><\/p>\n<p>[\/et_pb_text][et_pb_button button_url=&#8221;https:\/\/vokseniuddannelse.dk\/?page_id=109&#8243; button_text=&#8221;L\u00e6s mere her&#8221; _builder_version=&#8221;4.0.7&#8243; custom_button=&#8221;on&#8221; button_text_color=&#8221;#ffffff&#8221; button_border_width=&#8221;4px&#8221; button_border_color=&#8221;#ffffff&#8221; button_border_radius=&#8221;100px&#8221; button_letter_spacing=&#8221;2px&#8221; button_font=&#8221;Montserrat|on||on|&#8221; button_icon=&#8221;%%36%%&#8221; custom_margin=&#8221;-32px|||||&#8221; animation_style=&#8221;fade&#8221; button_text_color_hover=&#8221;#ffffff&#8221; button_border_color_hover=&#8221;#ffffff&#8221; button_letter_spacing_hover=&#8221;2px&#8221; button_bg_color_hover=&#8221;rgba(0,0,0,0)&#8221; locked=&#8221;off&#8221; global_colors_info=&#8221;{}&#8221; button_text_size__hover_enabled=&#8221;off&#8221; button_one_text_size__hover_enabled=&#8221;off&#8221; button_two_text_size__hover_enabled=&#8221;off&#8221; button_text_color__hover_enabled=&#8221;on&#8221; button_text_color__hover=&#8221;#ffffff&#8221; button_one_text_color__hover_enabled=&#8221;off&#8221; button_two_text_color__hover_enabled=&#8221;off&#8221; button_border_width__hover_enabled=&#8221;off&#8221; button_one_border_width__hover_enabled=&#8221;off&#8221; button_two_border_width__hover_enabled=&#8221;off&#8221; button_border_color__hover_enabled=&#8221;on&#8221; button_border_color__hover=&#8221;#ffffff&#8221; button_one_border_color__hover_enabled=&#8221;off&#8221; button_two_border_color__hover_enabled=&#8221;off&#8221; button_border_radius__hover_enabled=&#8221;off&#8221; button_one_border_radius__hover_enabled=&#8221;off&#8221; button_two_border_radius__hover_enabled=&#8221;off&#8221; button_letter_spacing__hover_enabled=&#8221;on&#8221; button_letter_spacing__hover=&#8221;2px&#8221; button_one_letter_spacing__hover_enabled=&#8221;off&#8221; button_two_letter_spacing__hover_enabled=&#8221;off&#8221; button_bg_color__hover_enabled=&#8221;on&#8221; button_bg_color__hover=&#8221;rgba(0,0,0,0)&#8221; button_one_bg_color__hover_enabled=&#8221;off&#8221; button_two_bg_color__hover_enabled=&#8221;off&#8221;][\/et_pb_button][\/et_pb_column][et_pb_column type=&#8221;1_2&#8243; _builder_version=&#8221;4.0.7&#8243; background_color=&#8221;rgba(202,228,227,0.97)&#8221; background_image=&#8221;https:\/\/vokseniuddannelse.dk\/wp-content\/uploads\/2019\/12\/ciprian-boiciuc-CXdeJI3bD2U-unsplash-scaled.jpg&#8221; parallax=&#8221;on&#8221; custom_padding=&#8221;|||&#8221; background_last_edited=&#8221;on|phone&#8221; parallax_tablet=&#8221;on&#8221; parallax_phone=&#8221;on&#8221; parallax_method_phone=&#8221;off&#8221; global_colors_info=&#8221;{}&#8221; custom_padding__hover=&#8221;|||&#8221;][\/et_pb_column][\/et_pb_row][\/et_pb_section][et_pb_section fb_built=&#8221;1&#8243; _builder_version=&#8221;4.0.7&#8243; global_colors_info=&#8221;{}&#8221;][et_pb_row _builder_version=&#8221;4.0.7&#8243; global_colors_info=&#8221;{}&#8221;][et_pb_column type=&#8221;4_4&#8243; _builder_version=&#8221;4.0.7&#8243; global_colors_info=&#8221;{}&#8221;][et_pb_slider _builder_version=&#8221;4.10.7&#8243; background_color=&#8221;#244746&#8243; hover_enabled=&#8221;0&#8243; global_colors_info=&#8221;{}&#8221; sticky_enabled=&#8221;0&#8243;][et_pb_slide heading=&#8221;Nyheder&#8221; button_text=&#8221;L\u00e6s mere&#8221; button_link=&#8221;https:\/\/vokseniuddannelse.dk\/8_-hent-materialer\/#nyheder&#8221; _builder_version=&#8221;4.9.4&#8243; global_colors_info=&#8221;{}&#8221; sticky_transition=&#8221;on&#8221;]<\/p>\n<p>L\u00e6s mere om alle de sp\u00e6ndende nyheder inden for indsatsen og h\u00f8r mere om v\u00e6kstende virksomheder i Syddanmark, som allerede har f\u00e5et \u00f8jnene op for efter- og videreuddannelsesmulighederne.<\/p>\n<p>[\/et_pb_slide][et_pb_slide heading=&#8221;Opdateret materiale \/ vejledningsfolder&#8221; button_text=&#8221;Find folderen her&#8221; image=&#8221;http:\/\/vokseniuddannelse.dk\/vertikalveu\/wp-content\/uploads\/sites\/2\/2021\/09\/billede-af-almen-indstik.png&#8221; _builder_version=&#8221;4.10.7&#8243; _module_preset=&#8221;default&#8221; hover_enabled=&#8221;0&#8243; global_colors_info=&#8221;{}&#8221; sticky_transition=&#8221;on&#8221; button_link=&#8221;https:\/\/vokseniuddannelse.dk\/vertikalveu\/8_-hent-materialer\/#materialer&#8221; sticky_enabled=&#8221;0&#8243;]<\/p>\n<p>Vores popul\u00e6re vejledningsfolder er nu opdateret med en side om almen uddannelse for voksne: Ordblindeundervisning, Forberedende voksenundervisning og Almen voksenuddannelse.<\/p>\n<p>&nbsp;<\/p>\n<p>[\/et_pb_slide][et_pb_slide heading=&#8221;Uddannelsesfilm&#8221; button_text=&#8221;Se med her&#8221; button_link=&#8221;https:\/\/vokseniuddannelse.dk\/8_-hent-materialer\/#video&#8221; image=&#8221;https:\/\/vokseniuddannelse.dk\/wp-content\/uploads\/2021\/05\/kollage-film-3.jpg&#8221; _builder_version=&#8221;4.9.4&#8243; _module_preset=&#8221;default&#8221; global_colors_info=&#8221;{}&#8221; sticky_transition=&#8221;on&#8221;]<\/p>\n<p>For at g\u00f8re det nemt for dig at overskue uddannelsessystemet og de mange muligheder, der findes for finansiering og information &#8211; har vi udgivet sm\u00e5 film, der uddyber disse emner<\/p>\n<p>[\/et_pb_slide][et_pb_slide heading=&#8221;NYT FoU projekt &#8221; button_text=&#8221;L\u00e6s mere her&#8221; button_link=&#8221;http:\/\/vokseniuddannelse.dk\/8_-hent-materialer\/#gr\u00f8n_omstilling&#8221; image=&#8221;https:\/\/vokseniuddannelse.dk\/wp-content\/uploads\/2021\/04\/postkort.jpg&#8221; _builder_version=&#8221;4.9.4&#8243; _module_preset=&#8221;default&#8221; global_colors_info=&#8221;{}&#8221; sticky_transition=&#8221;on&#8221;]<\/p>\n<p><strong><\/strong><\/p>\n<p><strong>Skal jeres virksomhed og medarbejdere i gang med GR\u00d8N OMSTILLING?<\/strong><\/p>\n<p>S\u00e5 er her en <strong>invitation<\/strong> til at indg\u00e5 i et udviklingsprojekt, der har til form\u00e5l, at sikre opkvalificering af jeres medarbejdere til at varetage den gr\u00f8nne omstilling i netop jeres virksomhed.<\/p>\n<p>[\/et_pb_slide][\/et_pb_slider][\/et_pb_column][\/et_pb_row][\/et_pb_section][et_pb_section fb_built=&#8221;1&#8243; admin_label=&#8221;Service Section&#8221; _builder_version=&#8221;3.22&#8243; custom_margin=&#8221;|||&#8221; custom_padding=&#8221;110px||110px|&#8221; global_colors_info=&#8221;{}&#8221;][et_pb_row column_structure=&#8221;1_3,1_3,1_3&#8243; make_equal=&#8221;on&#8221; admin_label=&#8221;Services&#8221; _builder_version=&#8221;3.25&#8243; background_size=&#8221;initial&#8221; background_position=&#8221;top_left&#8221; background_repeat=&#8221;repeat&#8221; custom_padding=&#8221;25px||25px|&#8221; global_colors_info=&#8221;{}&#8221;][et_pb_column type=&#8221;1_3&#8243; _builder_version=&#8221;3.25&#8243; custom_padding=&#8221;|||&#8221; global_colors_info=&#8221;{}&#8221; custom_padding__hover=&#8221;|||&#8221;][et_pb_blurb title=&#8221;For medarbejdere&#8221; url=&#8221;https:\/\/vokseniuddannelse.dk\/?page_id=89&#8243; use_icon=&#8221;on&#8221; font_icon=&#8221;%%148%%&#8221; icon_color=&#8221;#244746&#8243; use_icon_font_size=&#8221;on&#8221; icon_font_size=&#8221;60px&#8221; _builder_version=&#8221;4.0.7&#8243; header_font=&#8221;Montserrat|on|||&#8221; header_text_color=&#8221;#244746&#8243; header_font_size=&#8221;22px&#8221; header_line_height=&#8221;1.4em&#8221; body_font=&#8221;Montserrat||||&#8221; body_text_color=&#8221;#747d88&#8243; body_font_size=&#8221;16px&#8221; body_line_height=&#8221;1.8em&#8221; background_color=&#8221;rgba(202,228,227,0.97)&#8221; background_size=&#8221;initial&#8221; background_position=&#8221;top_left&#8221; background_repeat=&#8221;repeat&#8221; text_orientation=&#8221;center&#8221; custom_margin=&#8221;|||1px||&#8221; custom_padding=&#8221;30px|30px|30px|30px&#8221; animation_style=&#8221;zoom&#8221; link_option_url=&#8221;https:\/\/vokseniuddannelse.dk\/?page_id=89&#8243; border_width_all=&#8221;0px&#8221; border_color_all=&#8221;#dddddd&#8221; border_style_all=&#8221;solid&#8221; box_shadow_style=&#8221;preset1&#8243; use_border_color=&#8221;on&#8221; border_color=&#8221;#dddddd&#8221; global_colors_info=&#8221;{}&#8221;]<\/p>\n<p>L\u00e6s mere om dine muligheder for at efter- og videreuddanne dig. Du kan nemlig sagtens passe dit job samtidig med at opkvalificerer dine kompetencer.<\/p>\n<p>[\/et_pb_blurb][\/et_pb_column][et_pb_column type=&#8221;1_3&#8243; _builder_version=&#8221;3.25&#8243; custom_padding=&#8221;|||&#8221; global_colors_info=&#8221;{}&#8221; custom_padding__hover=&#8221;|||&#8221;][et_pb_blurb title=&#8221;For virksomheder&#8221; url=&#8221;https:\/\/vokseniuddannelse.dk\/?page_id=68&#8243; use_icon=&#8221;on&#8221; font_icon=&#8221;%%144%%&#8221; icon_color=&#8221;#244746&#8243; use_icon_font_size=&#8221;on&#8221; icon_font_size=&#8221;60px&#8221; _builder_version=&#8221;4.0.7&#8243; header_font=&#8221;Montserrat|on|||&#8221; header_text_color=&#8221;#244746&#8243; header_font_size=&#8221;22px&#8221; header_line_height=&#8221;1.4em&#8221; body_font=&#8221;Montserrat||||&#8221; body_text_color=&#8221;#747d88&#8243; body_font_size=&#8221;16px&#8221; body_line_height=&#8221;1.8em&#8221; background_color=&#8221;rgba(202,228,227,0.97)&#8221; background_size=&#8221;initial&#8221; background_position=&#8221;top_left&#8221; background_repeat=&#8221;repeat&#8221; text_orientation=&#8221;center&#8221; custom_padding=&#8221;30px|30px|30px|30px&#8221; animation_style=&#8221;zoom&#8221; animation_delay=&#8221;100ms&#8221; link_option_url=&#8221;https:\/\/vokseniuddannelse.dk\/?page_id=68&#8243; border_width_all=&#8221;0px&#8221; border_color_all=&#8221;#dddddd&#8221; border_style_all=&#8221;solid&#8221; box_shadow_style=&#8221;preset1&#8243; use_border_color=&#8221;on&#8221; border_color=&#8221;#dddddd&#8221; global_colors_info=&#8221;{}&#8221;]<\/p>\n<p>L\u00e6s mere om dine muligheder for at tilbyde dine medarbejdere opkvalificering gennem efter- og videreuddannelse. Der er ogs\u00e5 en r\u00e6kke tilskudsmuligheder.\u00a0<\/p>\n<p>[\/et_pb_blurb][\/et_pb_column][et_pb_column type=&#8221;1_3&#8243; _builder_version=&#8221;3.25&#8243; custom_padding=&#8221;|||&#8221; global_colors_info=&#8221;{}&#8221; custom_padding__hover=&#8221;|||&#8221;][et_pb_blurb title=&#8221;For uddannelses-institutioner&#8221; url=&#8221;https:\/\/vokseniuddannelse.dk\/?page_id=287&#8243; use_icon=&#8221;on&#8221; font_icon=&#8221;%%158%%&#8221; icon_color=&#8221;#244746&#8243; use_icon_font_size=&#8221;on&#8221; icon_font_size=&#8221;60px&#8221; _builder_version=&#8221;4.0.7&#8243; header_font=&#8221;Montserrat|on|||&#8221; header_text_color=&#8221;#244746&#8243; header_font_size=&#8221;22px&#8221; header_line_height=&#8221;1.4em&#8221; body_font=&#8221;Montserrat||||&#8221; body_text_color=&#8221;#747d88&#8243; body_font_size=&#8221;16px&#8221; body_line_height=&#8221;1.8em&#8221; background_color=&#8221;rgba(202,228,227,0.97)&#8221; background_size=&#8221;initial&#8221; background_position=&#8221;top_left&#8221; background_repeat=&#8221;repeat&#8221; text_orientation=&#8221;center&#8221; custom_padding=&#8221;30px|30px|30px|30px&#8221; animation_style=&#8221;zoom&#8221; animation_delay=&#8221;200ms&#8221; link_option_url=&#8221;https:\/\/vokseniuddannelse.dk\/?page_id=287&#8243; border_width_all=&#8221;0px&#8221; border_color_all=&#8221;#dddddd&#8221; border_style_all=&#8221;solid&#8221; box_shadow_style=&#8221;preset1&#8243; use_border_color=&#8221;on&#8221; border_color=&#8221;#dddddd&#8221; global_colors_info=&#8221;{}&#8221;]<\/p>\n<p><span>L\u00e6s mere om hvordan du og uddannelsesinstitution ogs\u00e5 v\u00e6re med til at gennemf\u00f8re en r\u00e6kke virksomhedsbes\u00f8g og afpr\u00f8ve v\u00e6rkt\u00f8jerne.<\/span><span><\/span><\/p>\n<p>[\/et_pb_blurb][\/et_pb_column][\/et_pb_row][\/et_pb_section]<\/p>\n","protected":false},"excerpt":{"rendered":"<p>Voksen i uddannelse &#8211; et bedst praksis projektFremtiden\u00a0&#8211;\u00a0Invest\u00e9r i uddannelseVoksen i uddannelse er et fors\u00f8gs- og udviklingsprojekt, som har til form\u00e5l at udvikle bedst praksis til vejledning af medarbejdere og virksomheder om de mange muligheder for m\u00e5lrettet efter- og videreuddannelse. Som grundlag for vejledningen bruges den landsd\u00e6kkende hjemmeside for al kompetencegivende voksenuddannelse: www.voksenuddannelse.dkL\u00e6s mere om [&hellip;]<\/p>\n","protected":false},"author":5,"featured_media":0,"parent":0,"menu_order":0,"comment_status":"closed","ping_status":"closed","template":"","meta":{"_et_pb_use_builder":"on","_et_pb_old_content":"","_et_gb_content_width":""},"_links":{"self":[{"href":"https:\/\/vokseniuddannelse.dk\/vertikalveu\/wp-json\/wp\/v2\/pages\/13"}],"collection":[{"href":"https:\/\/vokseniuddannelse.dk\/vertikalveu\/wp-json\/wp\/v2\/pages"}],"about":[{"href":"https:\/\/vokseniuddannelse.dk\/vertikalveu\/wp-json\/wp\/v2\/types\/page"}],"author":[{"embeddable":true,"href":"https:\/\/vokseniuddannelse.dk\/vertikalveu\/wp-json\/wp\/v2\/users\/5"}],"replies":[{"embeddable":true,"href":"https:\/\/vokseniuddannelse.dk\/vertikalveu\/wp-json\/wp\/v2\/comments?post=13"}],"version-history":[{"count":2,"href":"https:\/\/vokseniuddannelse.dk\/vertikalveu\/wp-json\/wp\/v2\/pages\/13\/revisions"}],"predecessor-version":[{"id":1034,"href":"https:\/\/vokseniuddannelse.dk\/vertikalveu\/wp-json\/wp\/v2\/pages\/13\/revisions\/1034"}],"wp:attachment":[{"href":"https:\/\/vokseniuddannelse.dk\/vertikalveu\/wp-json\/wp\/v2\/media?parent=13"}],"curies":[{"name":"wp","href":"https:\/\/api.w.org\/{rel}","templated":true}]}}